{"id":126,"date":"2024-04-18T22:42:03","date_gmt":"2024-04-18T22:42:03","guid":{"rendered":"https:\/\/yqb.versionalpha.ca\/accueil\/"},"modified":"2025-04-08T19:52:25","modified_gmt":"2025-04-08T19:52:25","slug":"accueil","status":"publish","type":"page","link":"https:\/\/decollezdequebec.ca\/en\/","title":{"rendered":"Home"},"content":{"rendered":"<h1>Small airport.<br \/>\n<strong>Great destinations<br \/>\naccessible by direct flights.<\/strong><\/h1>\n","protected":false},"excerpt":{"rendered":"<p>Small airport. Great destinations accessible by direct flights.<\/p>\n","protected":false},"author":2,"featured_media":769,"parent":0,"menu_order":0,"comment_status":"closed","ping_status":"closed","template":"template\/accueil.php","meta":{"_acf_changed":false,"footnotes":""},"class_list":["post-126","page","type-page","status-publish","has-post-thumbnail","hentry"],"acf":[],"yoast_head":"<!-- This site is optimized with the Yoast SEO plugin v26.8 - https:\/\/yoast.com\/product\/yoast-seo-wordpress\/ -->\n<title>Direct flights from Qu\u00e9bec City<\/title>\n<meta name=\"description\" content=\"Take off from Qu\u00e9bec City this summer. Discover our direct flights. Small airport. Major destinations (...)\" \/>\n<meta name=\"robots\" content=\"index, follow, max-snippet:-1, max-image-preview:large, max-video-preview:-1\" \/>\n<link rel=\"canonical\" href=\"https:\/\/decollezdequebec.ca\/en\/\" \/>\n<meta property=\"og:locale\" content=\"en_US\" \/>\n<meta property=\"og:type\" content=\"article\" \/>\n<meta property=\"og:title\" content=\"Direct flights from Qu\u00e9bec City\" \/>\n<meta property=\"og:description\" content=\"Direct flights from Qu\u00e9bec City - Take off from Qu\u00e9bec City this summer. Discover our direct flights. Small airport. Major destinations (...)\" \/>\n<meta property=\"og:url\" content=\"https:\/\/decollezdequebec.ca\/en\/\" \/>\n<meta property=\"og:site_name\" content=\"YQB\" \/>\n<meta property=\"article:publisher\" content=\"https:\/\/www.facebook.com\/yqbaeroport\" \/>\n<meta property=\"article:modified_time\" content=\"2025-04-08T19:52:25+00:00\" \/>\n<meta property=\"og:image\" content=\"https:\/\/decollezdequebec.ca\/wp-content\/uploads\/2024\/12\/open-graph-yqb.jpg\" \/>\n\t<meta property=\"og:image:width\" content=\"1200\" \/>\n\t<meta property=\"og:image:height\" content=\"620\" \/>\n\t<meta property=\"og:image:type\" content=\"image\/jpeg\" \/>\n<meta name=\"twitter:card\" content=\"summary_large_image\" \/>\n<meta name=\"twitter:title\" content=\"Direct flights from Qu\u00e9bec City\" \/>\n<meta name=\"twitter:description\" content=\"Direct flights from Qu\u00e9bec City - Take off from Qu\u00e9bec City this summer. Discover our direct flights. Small airport. Major destinations (...)\" \/>\n<meta name=\"twitter:image\" content=\"https:\/\/decollezdequebec.ca\/wp-content\/uploads\/2024\/12\/open-graph-yqb.jpg\" \/>\n<meta name=\"twitter:site\" content=\"@QuebecYQB\" \/>\n<meta name=\"twitter:label1\" content=\"Est. reading time\" \/>\n\t<meta name=\"twitter:data1\" content=\"1 minute\" \/>\n<script type=\"application\/ld+json\" class=\"yoast-schema-graph\">{\"@context\":\"https:\/\/schema.org\",\"@graph\":[{\"@type\":\"WebPage\",\"@id\":\"https:\/\/decollezdequebec.ca\/en\/\",\"url\":\"https:\/\/decollezdequebec.ca\/en\/\",\"name\":\"Direct flights from Qu\u00e9bec City\",\"isPartOf\":{\"@id\":\"https:\/\/decollezdequebec.ca\/en\/#website\"},\"primaryImageOfPage\":{\"@id\":\"https:\/\/decollezdequebec.ca\/en\/#primaryimage\"},\"image\":{\"@id\":\"https:\/\/decollezdequebec.ca\/en\/#primaryimage\"},\"thumbnailUrl\":\"https:\/\/decollezdequebec.ca\/wp-content\/uploads\/2024\/12\/open-graph-yqb.jpg\",\"datePublished\":\"2024-04-18T22:42:03+00:00\",\"dateModified\":\"2025-04-08T19:52:25+00:00\",\"description\":\"Take off from Qu\u00e9bec City this summer. Discover our direct flights. Small airport. Major destinations (...)\",\"breadcrumb\":{\"@id\":\"https:\/\/decollezdequebec.ca\/en\/#breadcrumb\"},\"inLanguage\":\"en-US\",\"potentialAction\":[{\"@type\":\"ReadAction\",\"target\":[\"https:\/\/decollezdequebec.ca\/en\/\"]}]},{\"@type\":\"ImageObject\",\"inLanguage\":\"en-US\",\"@id\":\"https:\/\/decollezdequebec.ca\/en\/#primaryimage\",\"url\":\"https:\/\/decollezdequebec.ca\/wp-content\/uploads\/2024\/12\/open-graph-yqb.jpg\",\"contentUrl\":\"https:\/\/decollezdequebec.ca\/wp-content\/uploads\/2024\/12\/open-graph-yqb.jpg\",\"width\":1200,\"height\":620},{\"@type\":\"BreadcrumbList\",\"@id\":\"https:\/\/decollezdequebec.ca\/en\/#breadcrumb\",\"itemListElement\":[{\"@type\":\"ListItem\",\"position\":1,\"name\":\"Accueil\",\"item\":\"https:\/\/decollezdequebec.ca\/en\/\"},{\"@type\":\"ListItem\",\"position\":2,\"name\":\"Home\"}]},{\"@type\":\"WebSite\",\"@id\":\"https:\/\/decollezdequebec.ca\/en\/#website\",\"url\":\"https:\/\/decollezdequebec.ca\/en\/\",\"name\":\"YQB\",\"description\":\"\",\"publisher\":{\"@id\":\"https:\/\/decollezdequebec.ca\/en\/#organization\"},\"potentialAction\":[{\"@type\":\"SearchAction\",\"target\":{\"@type\":\"EntryPoint\",\"urlTemplate\":\"https:\/\/decollezdequebec.ca\/en\/?s={search_term_string}\"},\"query-input\":{\"@type\":\"PropertyValueSpecification\",\"valueRequired\":true,\"valueName\":\"search_term_string\"}}],\"inLanguage\":\"en-US\"},{\"@type\":\"Organization\",\"@id\":\"https:\/\/decollezdequebec.ca\/en\/#organization\",\"name\":\"A\u00e9roport internationt Jean-Lesage de Qu\u00e9bec\",\"url\":\"https:\/\/decollezdequebec.ca\/en\/\",\"logo\":{\"@type\":\"ImageObject\",\"inLanguage\":\"en-US\",\"@id\":\"https:\/\/decollezdequebec.ca\/en\/#\/schema\/logo\/image\/\",\"url\":\"https:\/\/decollezdequebec.ca\/wp-content\/uploads\/2024\/04\/cover.png\",\"contentUrl\":\"https:\/\/decollezdequebec.ca\/wp-content\/uploads\/2024\/04\/cover.png\",\"width\":1920,\"height\":1080,\"caption\":\"A\u00e9roport internationt Jean-Lesage de Qu\u00e9bec\"},\"image\":{\"@id\":\"https:\/\/decollezdequebec.ca\/en\/#\/schema\/logo\/image\/\"},\"sameAs\":[\"https:\/\/www.facebook.com\/yqbaeroport\",\"https:\/\/x.com\/QuebecYQB\",\"https:\/\/www.youtube.com\/user\/yqbaeroport\",\"https:\/\/www.linkedin.com\/company\/yqbaeroport\",\"https:\/\/www.instagram.com\/yqbaeroport\"]}]}<\/script>\n<!-- \/ Yoast SEO plugin. -->","yoast_head_json":{"title":"Direct flights from Qu\u00e9bec City","description":"Take off from Qu\u00e9bec City this summer. Discover our direct flights. Small airport. Major destinations (...)","robots":{"index":"index","follow":"follow","max-snippet":"max-snippet:-1","max-image-preview":"max-image-preview:large","max-video-preview":"max-video-preview:-1"},"canonical":"https:\/\/decollezdequebec.ca\/en\/","og_locale":"en_US","og_type":"article","og_title":"Direct flights from Qu\u00e9bec City","og_description":"Direct flights from Qu\u00e9bec City - Take off from Qu\u00e9bec City this summer. Discover our direct flights. Small airport. Major destinations (...)","og_url":"https:\/\/decollezdequebec.ca\/en\/","og_site_name":"YQB","article_publisher":"https:\/\/www.facebook.com\/yqbaeroport","article_modified_time":"2025-04-08T19:52:25+00:00","og_image":[{"width":1200,"height":620,"url":"https:\/\/decollezdequebec.ca\/wp-content\/uploads\/2024\/12\/open-graph-yqb.jpg","type":"image\/jpeg"}],"twitter_card":"summary_large_image","twitter_title":"Direct flights from Qu\u00e9bec City","twitter_description":"Direct flights from Qu\u00e9bec City - Take off from Qu\u00e9bec City this summer. Discover our direct flights. Small airport. Major destinations (...)","twitter_image":"https:\/\/decollezdequebec.ca\/wp-content\/uploads\/2024\/12\/open-graph-yqb.jpg","twitter_site":"@QuebecYQB","twitter_misc":{"Est. reading time":"1 minute"},"schema":{"@context":"https:\/\/schema.org","@graph":[{"@type":"WebPage","@id":"https:\/\/decollezdequebec.ca\/en\/","url":"https:\/\/decollezdequebec.ca\/en\/","name":"Direct flights from Qu\u00e9bec City","isPartOf":{"@id":"https:\/\/decollezdequebec.ca\/en\/#website"},"primaryImageOfPage":{"@id":"https:\/\/decollezdequebec.ca\/en\/#primaryimage"},"image":{"@id":"https:\/\/decollezdequebec.ca\/en\/#primaryimage"},"thumbnailUrl":"https:\/\/decollezdequebec.ca\/wp-content\/uploads\/2024\/12\/open-graph-yqb.jpg","datePublished":"2024-04-18T22:42:03+00:00","dateModified":"2025-04-08T19:52:25+00:00","description":"Take off from Qu\u00e9bec City this summer. Discover our direct flights. Small airport. Major destinations (...)","breadcrumb":{"@id":"https:\/\/decollezdequebec.ca\/en\/#breadcrumb"},"inLanguage":"en-US","potentialAction":[{"@type":"ReadAction","target":["https:\/\/decollezdequebec.ca\/en\/"]}]},{"@type":"ImageObject","inLanguage":"en-US","@id":"https:\/\/decollezdequebec.ca\/en\/#primaryimage","url":"https:\/\/decollezdequebec.ca\/wp-content\/uploads\/2024\/12\/open-graph-yqb.jpg","contentUrl":"https:\/\/decollezdequebec.ca\/wp-content\/uploads\/2024\/12\/open-graph-yqb.jpg","width":1200,"height":620},{"@type":"BreadcrumbList","@id":"https:\/\/decollezdequebec.ca\/en\/#breadcrumb","itemListElement":[{"@type":"ListItem","position":1,"name":"Accueil","item":"https:\/\/decollezdequebec.ca\/en\/"},{"@type":"ListItem","position":2,"name":"Home"}]},{"@type":"WebSite","@id":"https:\/\/decollezdequebec.ca\/en\/#website","url":"https:\/\/decollezdequebec.ca\/en\/","name":"YQB","description":"","publisher":{"@id":"https:\/\/decollezdequebec.ca\/en\/#organization"},"potentialAction":[{"@type":"SearchAction","target":{"@type":"EntryPoint","urlTemplate":"https:\/\/decollezdequebec.ca\/en\/?s={search_term_string}"},"query-input":{"@type":"PropertyValueSpecification","valueRequired":true,"valueName":"search_term_string"}}],"inLanguage":"en-US"},{"@type":"Organization","@id":"https:\/\/decollezdequebec.ca\/en\/#organization","name":"A\u00e9roport internationt Jean-Lesage de Qu\u00e9bec","url":"https:\/\/decollezdequebec.ca\/en\/","logo":{"@type":"ImageObject","inLanguage":"en-US","@id":"https:\/\/decollezdequebec.ca\/en\/#\/schema\/logo\/image\/","url":"https:\/\/decollezdequebec.ca\/wp-content\/uploads\/2024\/04\/cover.png","contentUrl":"https:\/\/decollezdequebec.ca\/wp-content\/uploads\/2024\/04\/cover.png","width":1920,"height":1080,"caption":"A\u00e9roport internationt Jean-Lesage de Qu\u00e9bec"},"image":{"@id":"https:\/\/decollezdequebec.ca\/en\/#\/schema\/logo\/image\/"},"sameAs":["https:\/\/www.facebook.com\/yqbaeroport","https:\/\/x.com\/QuebecYQB","https:\/\/www.youtube.com\/user\/yqbaeroport","https:\/\/www.linkedin.com\/company\/yqbaeroport","https:\/\/www.instagram.com\/yqbaeroport"]}]}},"_links":{"self":[{"href":"https:\/\/decollezdequebec.ca\/en\/wp-json\/wp\/v2\/pages\/126","targetHints":{"allow":["GET"]}}],"collection":[{"href":"https:\/\/decollezdequebec.ca\/en\/wp-json\/wp\/v2\/pages"}],"about":[{"href":"https:\/\/decollezdequebec.ca\/en\/wp-json\/wp\/v2\/types\/page"}],"author":[{"embeddable":true,"href":"https:\/\/decollezdequebec.ca\/en\/wp-json\/wp\/v2\/users\/2"}],"replies":[{"embeddable":true,"href":"https:\/\/decollezdequebec.ca\/en\/wp-json\/wp\/v2\/comments?post=126"}],"version-history":[{"count":111,"href":"https:\/\/decollezdequebec.ca\/en\/wp-json\/wp\/v2\/pages\/126\/revisions"}],"predecessor-version":[{"id":1408,"href":"https:\/\/decollezdequebec.ca\/en\/wp-json\/wp\/v2\/pages\/126\/revisions\/1408"}],"wp:featuredmedia":[{"embeddable":true,"href":"https:\/\/decollezdequebec.ca\/en\/wp-json\/wp\/v2\/media\/769"}],"wp:attachment":[{"href":"https:\/\/decollezdequebec.ca\/en\/wp-json\/wp\/v2\/media?parent=126"}],"curies":[{"name":"wp","href":"https:\/\/api.w.org\/{rel}","templated":true}]}}