{"id":1090,"date":"2025-01-27T17:56:45","date_gmt":"2025-01-27T17:56:45","guid":{"rendered":"https:\/\/yqb.versionalpha.ca\/porter\/"},"modified":"2025-10-10T14:40:42","modified_gmt":"2025-10-10T14:40:42","slug":"porter","status":"publish","type":"page","link":"https:\/\/decollezdequebec.ca\/en\/porter\/","title":{"rendered":"Porter"},"content":{"rendered":"<h2>L&#8217;Exp\u00e9rience Porter<br \/>\nVoyager en classe \u00e9conomique. On aime.<br \/>\n<\/h2>\n<p>Tout le monde appr\u00e9cie l&#8217;exp\u00e9rience de vol agr\u00e9able et \u00e9conomique offerte par Porter, avec son service convivial, ses bi\u00e8res, vins et collations haut de gamme offerts gratuitement \u00e0 tous les passagers, ainsi que ses avions sans si\u00e8ges au milieu.<\/p>\n","protected":false},"excerpt":{"rendered":"<p>L&#8217;Exp\u00e9rience Porter Voyager en classe \u00e9conomique. On aime. Tout le monde appr\u00e9cie l&#8217;exp\u00e9rience de vol agr\u00e9able et \u00e9conomique offerte par Porter, avec son service convivial, ses bi\u00e8res, vins et collations haut de gamme offerts gratuitement \u00e0 tous les passagers, ainsi que ses avions sans si\u00e8ges au milieu.<\/p>\n","protected":false},"author":2,"featured_media":0,"parent":0,"menu_order":0,"comment_status":"closed","ping_status":"closed","template":"template\/accueil.php","meta":{"_acf_changed":false,"footnotes":""},"class_list":["post-1090","page","type-page","status-publish","hentry"],"acf":[],"yoast_head":"<!-- This site is optimized with the Yoast SEO plugin v26.8 - https:\/\/yoast.com\/product\/yoast-seo-wordpress\/ -->\n<title>Porter - YQB<\/title>\n<meta name=\"robots\" content=\"index, follow, max-snippet:-1, max-image-preview:large, max-video-preview:-1\" \/>\n<link rel=\"canonical\" href=\"https:\/\/decollezdequebec.ca\/en\/porter\/\" \/>\n<meta property=\"og:locale\" content=\"en_US\" \/>\n<meta property=\"og:type\" content=\"article\" \/>\n<meta property=\"og:title\" content=\"Porter - YQB\" \/>\n<meta property=\"og:description\" content=\"L&#8217;Exp\u00e9rience Porter Voyager en classe \u00e9conomique. On aime. Tout le monde appr\u00e9cie l&#8217;exp\u00e9rience de vol agr\u00e9able et \u00e9conomique offerte par Porter, avec son service convivial, ses bi\u00e8res, vins et collations haut de gamme offerts gratuitement \u00e0 tous les passagers, ainsi que ses avions sans si\u00e8ges au milieu.\" \/>\n<meta property=\"og:url\" content=\"https:\/\/decollezdequebec.ca\/en\/porter\/\" \/>\n<meta property=\"og:site_name\" content=\"YQB\" \/>\n<meta property=\"article:publisher\" content=\"https:\/\/www.facebook.com\/yqbaeroport\" \/>\n<meta property=\"article:modified_time\" content=\"2025-10-10T14:40:42+00:00\" \/>\n<meta name=\"twitter:card\" content=\"summary_large_image\" \/>\n<meta name=\"twitter:site\" content=\"@QuebecYQB\" \/>\n<script type=\"application\/ld+json\" class=\"yoast-schema-graph\">{\"@context\":\"https:\/\/schema.org\",\"@graph\":[{\"@type\":\"WebPage\",\"@id\":\"https:\/\/decollezdequebec.ca\/en\/porter\/\",\"url\":\"https:\/\/decollezdequebec.ca\/en\/porter\/\",\"name\":\"Porter - YQB\",\"isPartOf\":{\"@id\":\"https:\/\/decollezdequebec.ca\/en\/#website\"},\"datePublished\":\"2025-01-27T17:56:45+00:00\",\"dateModified\":\"2025-10-10T14:40:42+00:00\",\"breadcrumb\":{\"@id\":\"https:\/\/decollezdequebec.ca\/en\/porter\/#breadcrumb\"},\"inLanguage\":\"en-US\",\"potentialAction\":[{\"@type\":\"ReadAction\",\"target\":[\"https:\/\/decollezdequebec.ca\/en\/porter\/\"]}]},{\"@type\":\"BreadcrumbList\",\"@id\":\"https:\/\/decollezdequebec.ca\/en\/porter\/#breadcrumb\",\"itemListElement\":[{\"@type\":\"ListItem\",\"position\":1,\"name\":\"Accueil\",\"item\":\"https:\/\/decollezdequebec.ca\/en\/\"},{\"@type\":\"ListItem\",\"position\":2,\"name\":\"Porter\"}]},{\"@type\":\"WebSite\",\"@id\":\"https:\/\/decollezdequebec.ca\/en\/#website\",\"url\":\"https:\/\/decollezdequebec.ca\/en\/\",\"name\":\"YQB\",\"description\":\"\",\"publisher\":{\"@id\":\"https:\/\/decollezdequebec.ca\/en\/#organization\"},\"potentialAction\":[{\"@type\":\"SearchAction\",\"target\":{\"@type\":\"EntryPoint\",\"urlTemplate\":\"https:\/\/decollezdequebec.ca\/en\/?s={search_term_string}\"},\"query-input\":{\"@type\":\"PropertyValueSpecification\",\"valueRequired\":true,\"valueName\":\"search_term_string\"}}],\"inLanguage\":\"en-US\"},{\"@type\":\"Organization\",\"@id\":\"https:\/\/decollezdequebec.ca\/en\/#organization\",\"name\":\"A\u00e9roport internationt Jean-Lesage de Qu\u00e9bec\",\"url\":\"https:\/\/decollezdequebec.ca\/en\/\",\"logo\":{\"@type\":\"ImageObject\",\"inLanguage\":\"en-US\",\"@id\":\"https:\/\/decollezdequebec.ca\/en\/#\/schema\/logo\/image\/\",\"url\":\"https:\/\/decollezdequebec.ca\/wp-content\/uploads\/2024\/04\/cover.png\",\"contentUrl\":\"https:\/\/decollezdequebec.ca\/wp-content\/uploads\/2024\/04\/cover.png\",\"width\":1920,\"height\":1080,\"caption\":\"A\u00e9roport internationt Jean-Lesage de Qu\u00e9bec\"},\"image\":{\"@id\":\"https:\/\/decollezdequebec.ca\/en\/#\/schema\/logo\/image\/\"},\"sameAs\":[\"https:\/\/www.facebook.com\/yqbaeroport\",\"https:\/\/x.com\/QuebecYQB\",\"https:\/\/www.youtube.com\/user\/yqbaeroport\",\"https:\/\/www.linkedin.com\/company\/yqbaeroport\",\"https:\/\/www.instagram.com\/yqbaeroport\"]}]}<\/script>\n<!-- \/ Yoast SEO plugin. -->","yoast_head_json":{"title":"Porter - YQB","robots":{"index":"index","follow":"follow","max-snippet":"max-snippet:-1","max-image-preview":"max-image-preview:large","max-video-preview":"max-video-preview:-1"},"canonical":"https:\/\/decollezdequebec.ca\/en\/porter\/","og_locale":"en_US","og_type":"article","og_title":"Porter - YQB","og_description":"L&#8217;Exp\u00e9rience Porter Voyager en classe \u00e9conomique. On aime. Tout le monde appr\u00e9cie l&#8217;exp\u00e9rience de vol agr\u00e9able et \u00e9conomique offerte par Porter, avec son service convivial, ses bi\u00e8res, vins et collations haut de gamme offerts gratuitement \u00e0 tous les passagers, ainsi que ses avions sans si\u00e8ges au milieu.","og_url":"https:\/\/decollezdequebec.ca\/en\/porter\/","og_site_name":"YQB","article_publisher":"https:\/\/www.facebook.com\/yqbaeroport","article_modified_time":"2025-10-10T14:40:42+00:00","twitter_card":"summary_large_image","twitter_site":"@QuebecYQB","schema":{"@context":"https:\/\/schema.org","@graph":[{"@type":"WebPage","@id":"https:\/\/decollezdequebec.ca\/en\/porter\/","url":"https:\/\/decollezdequebec.ca\/en\/porter\/","name":"Porter - YQB","isPartOf":{"@id":"https:\/\/decollezdequebec.ca\/en\/#website"},"datePublished":"2025-01-27T17:56:45+00:00","dateModified":"2025-10-10T14:40:42+00:00","breadcrumb":{"@id":"https:\/\/decollezdequebec.ca\/en\/porter\/#breadcrumb"},"inLanguage":"en-US","potentialAction":[{"@type":"ReadAction","target":["https:\/\/decollezdequebec.ca\/en\/porter\/"]}]},{"@type":"BreadcrumbList","@id":"https:\/\/decollezdequebec.ca\/en\/porter\/#breadcrumb","itemListElement":[{"@type":"ListItem","position":1,"name":"Accueil","item":"https:\/\/decollezdequebec.ca\/en\/"},{"@type":"ListItem","position":2,"name":"Porter"}]},{"@type":"WebSite","@id":"https:\/\/decollezdequebec.ca\/en\/#website","url":"https:\/\/decollezdequebec.ca\/en\/","name":"YQB","description":"","publisher":{"@id":"https:\/\/decollezdequebec.ca\/en\/#organization"},"potentialAction":[{"@type":"SearchAction","target":{"@type":"EntryPoint","urlTemplate":"https:\/\/decollezdequebec.ca\/en\/?s={search_term_string}"},"query-input":{"@type":"PropertyValueSpecification","valueRequired":true,"valueName":"search_term_string"}}],"inLanguage":"en-US"},{"@type":"Organization","@id":"https:\/\/decollezdequebec.ca\/en\/#organization","name":"A\u00e9roport internationt Jean-Lesage de Qu\u00e9bec","url":"https:\/\/decollezdequebec.ca\/en\/","logo":{"@type":"ImageObject","inLanguage":"en-US","@id":"https:\/\/decollezdequebec.ca\/en\/#\/schema\/logo\/image\/","url":"https:\/\/decollezdequebec.ca\/wp-content\/uploads\/2024\/04\/cover.png","contentUrl":"https:\/\/decollezdequebec.ca\/wp-content\/uploads\/2024\/04\/cover.png","width":1920,"height":1080,"caption":"A\u00e9roport internationt Jean-Lesage de Qu\u00e9bec"},"image":{"@id":"https:\/\/decollezdequebec.ca\/en\/#\/schema\/logo\/image\/"},"sameAs":["https:\/\/www.facebook.com\/yqbaeroport","https:\/\/x.com\/QuebecYQB","https:\/\/www.youtube.com\/user\/yqbaeroport","https:\/\/www.linkedin.com\/company\/yqbaeroport","https:\/\/www.instagram.com\/yqbaeroport"]}]}},"_links":{"self":[{"href":"https:\/\/decollezdequebec.ca\/en\/wp-json\/wp\/v2\/pages\/1090","targetHints":{"allow":["GET"]}}],"collection":[{"href":"https:\/\/decollezdequebec.ca\/en\/wp-json\/wp\/v2\/pages"}],"about":[{"href":"https:\/\/decollezdequebec.ca\/en\/wp-json\/wp\/v2\/types\/page"}],"author":[{"embeddable":true,"href":"https:\/\/decollezdequebec.ca\/en\/wp-json\/wp\/v2\/users\/2"}],"replies":[{"embeddable":true,"href":"https:\/\/decollezdequebec.ca\/en\/wp-json\/wp\/v2\/comments?post=1090"}],"version-history":[{"count":4,"href":"https:\/\/decollezdequebec.ca\/en\/wp-json\/wp\/v2\/pages\/1090\/revisions"}],"predecessor-version":[{"id":14116,"href":"https:\/\/decollezdequebec.ca\/en\/wp-json\/wp\/v2\/pages\/1090\/revisions\/14116"}],"wp:attachment":[{"href":"https:\/\/decollezdequebec.ca\/en\/wp-json\/wp\/v2\/media?parent=1090"}],"curies":[{"name":"wp","href":"https:\/\/api.w.org\/{rel}","templated":true}]}}